{"id":24,"date":"2016-08-02T08:00:21","date_gmt":"2016-08-02T11:00:21","guid":{"rendered":"http:\/\/tracc-ufba.com.br\/?page_id=24"},"modified":"2024-06-06T19:37:34","modified_gmt":"2024-06-06T22:37:34","slug":"agenda","status":"publish","type":"page","link":"https:\/\/tracc-ufba.com.br\/fr\/agenda\/","title":{"rendered":"ORDRE DU JOUR"},"content":{"rendered":"<p class=\"qtranxs-available-languages-message qtranxs-available-languages-message-fr\">D\u00e9sol\u00e9, cet article est seulement disponible en <a href=\"https:\/\/tracc-ufba.com.br\/pb\/wp-json\/wp\/v2\/pages\/24\" class=\"qtranxs-available-language-link qtranxs-available-language-link-pb\" title=\"Portugu\u00eas do Brasil\">Portugais Br\u00e9silien<\/a>.<\/p>","protected":false},"excerpt":{"rendered":"<p>D\u00e9sol\u00e9, cet article est seulement disponible en Portugais Br\u00e9silien.<\/p>\n","protected":false},"author":1,"featured_media":0,"parent":0,"menu_order":0,"comment_status":"closed","ping_status":"closed","template":"","meta":[],"_links":{"self":[{"href":"https:\/\/tracc-ufba.com.br\/fr\/wp-json\/wp\/v2\/pages\/24"}],"collection":[{"href":"https:\/\/tracc-ufba.com.br\/fr\/wp-json\/wp\/v2\/pages"}],"about":[{"href":"https:\/\/tracc-ufba.com.br\/fr\/wp-json\/wp\/v2\/types\/page"}],"author":[{"embeddable":true,"href":"https:\/\/tracc-ufba.com.br\/fr\/wp-json\/wp\/v2\/users\/1"}],"replies":[{"embeddable":true,"href":"https:\/\/tracc-ufba.com.br\/fr\/wp-json\/wp\/v2\/comments?post=24"}],"version-history":[{"count":3,"href":"https:\/\/tracc-ufba.com.br\/fr\/wp-json\/wp\/v2\/pages\/24\/revisions"}],"predecessor-version":[{"id":2538,"href":"https:\/\/tracc-ufba.com.br\/fr\/wp-json\/wp\/v2\/pages\/24\/revisions\/2538"}],"wp:attachment":[{"href":"https:\/\/tracc-ufba.com.br\/fr\/wp-json\/wp\/v2\/media?parent=24"}],"curies":[{"name":"wp","href":"https:\/\/api.w.org\/{rel}","templated":true}]}}